{"id":1,"date":"2019-07-25T10:30:43","date_gmt":"2019-07-25T10:30:43","guid":{"rendered":"http:\/\/www.domusismc.it\/?p=1"},"modified":"2025-07-22T14:58:04","modified_gmt":"2025-07-22T14:58:04","slug":"home","status":"publish","type":"page","link":"https:\/\/www.domusismc.it\/","title":{"rendered":"Home"},"content":{"rendered":"<h1>Case di accoglienza per <br \/><span class=\"uk-text-bold\">studentesse <\/span>e <span class=\"uk-text-bold\">giovani lavoratrici<\/span><\/h1>\n<p><img src=\"\/wp-content\/uploads\/2021\/04\/logo.png\" alt=\"\"><br \/>\n<img src=\"\/wp-content\/uploads\/2021\/01\/Logo_gioia_1.png\" alt=\"\"><\/p>\n<h1>Milano<\/h1>\n<ul>\n<li>\n<p>        <img src=\"\/wp-content\/uploads\/2021\/03\/stanza.jpg\" alt=\"\"><\/p>\n<\/li>\n<li>\n<p>        <img src=\"\/wp-content\/uploads\/2021\/03\/bagno_stanza.jpg\" alt=\"\"><\/p>\n<\/li>\n<li>\n<p>        <img src=\"\/wp-content\/uploads\/2021\/03\/balcone.jpg\" alt=\"\"><\/p>\n<\/li>\n<li>\n<p>        <img src=\"\/wp-content\/uploads\/2021\/03\/salotto.jpg\" alt=\"\"><\/p>\n<\/li>\n<li>\n<p>        <img src=\"\/wp-content\/uploads\/2021\/03\/cucina.jpg\" alt=\"\"><\/p>\n<\/li>\n<li>\n<p>        <img src=\"\/wp-content\/uploads\/2021\/03\/cucina_salone.jpg\" alt=\"\"><\/p>\n<\/li>\n<\/ul>\n<p>\n    <a href=\"\/index.php?page_id=83\">Scopri di pi\u00f9<\/a>\n<\/p>\n<p><img src=\"\/wp-content\/uploads\/2021\/01\/logo_etruschi_giusto_1.png\" alt=\"\"><\/p>\n<h1>Roma<\/h1>\n<ul>\n<li>\n<p>        <img src=\"\/wp-content\/uploads\/2021\/10\/WhatsApp-Image-2021-10-13-at-09.49.12-1.jpeg\" alt=\"\"><\/p>\n<\/li>\n<li>\n<p>        <img src=\"\/wp-content\/uploads\/2021\/10\/WhatsApp-Image-2021-10-13-at-09.49.12.jpeg\" alt=\"\"><\/p>\n<\/li>\n<li>\n<p>        <img src=\"\/wp-content\/uploads\/2021\/10\/WhatsApp-Image-2021-10-13-at-09.40.46-1.jpeg\" alt=\"\"><\/p>\n<\/li>\n<li>\n<p>        <img src=\"\/wp-content\/uploads\/2021\/10\/WhatsApp-Image-2021-10-13-at-09.49.12-6.jpeg\" alt=\"\"><\/p>\n<\/li>\n<li>\n<p>        <img src=\"\/wp-content\/uploads\/2021\/10\/WhatsApp-Image-2021-10-13-at-09.40.47-1.jpeg\" alt=\"\"><\/p>\n<\/li>\n<li>\n<p>        <img src=\"\/wp-content\/uploads\/2021\/10\/WhatsApp-Image-2021-10-13-at-09.49.12-7.jpeg\" alt=\"\"><\/p>\n<\/li>\n<li>\n<p>        <img src=\"\/wp-content\/uploads\/2021\/10\/WhatsApp-Image-2021-10-13-at-09.49.12-5.jpeg\" alt=\"\"><\/p>\n<\/li>\n<li>\n<p>        <img src=\"\/wp-content\/uploads\/2021\/10\/WhatsApp-Image-2021-10-13-at-10.02.22.jpeg\" alt=\"\"><\/p>\n<\/li>\n<li>\n<p>        <img src=\"\/wp-content\/uploads\/2021\/10\/WhatsApp-Image-2021-10-13-at-09.40.47.jpeg\" alt=\"\"><\/p>\n<\/li>\n<li>\n<p>        <img src=\"\/wp-content\/uploads\/2021\/10\/WhatsApp-Image-2021-10-13-at-09.40.46.jpeg\" alt=\"\"><\/p>\n<\/li>\n<li>\n<p>        <img src=\"\/wp-content\/uploads\/2021\/10\/WhatsApp-Image-2021-10-13-at-09.40.48.jpeg\" alt=\"\"><\/p>\n<\/li>\n<\/ul>\n<p>\n    <a href=\"\/index.php?page_id=1375\">Scopri di pi\u00f9<\/a>\n<\/p>\n<h2>\n<p><strong>LE \u201cDOMUS\u201d MARIA CONSOLATRICE<\/strong><\/p>\n<\/p>\n<p>Sono Pensionati universitari voluti dalle Suore di Maria Consolatrice come risposta alle attese della Chiesa, nella sua particolare attenzione al mondo culturale e soprattutto nel settore giovanile.<\/p>\n<p><strong>Ogni CASA \u00ab\u2026rappresenta la ricchezza umana pi\u00f9 preziosa, quella dell\u2019incontro, quella delle relazioni tra le persone, diverse per et\u00e0, per cultura e storia, ma che vivono insieme e che insieme si aiutano a crescere\u00bb <br \/><\/strong><em>(Papa Francesco)<\/em><\/p>\n<p>Cos\u00ec nelle Domus si offre alle giovani ospiti un ambiente accogliente in cui abbiano la possibilit\u00e0 di seguire gli studi con serenit\u00e0, in un clima di cordiale amicizia, di scambievole aiuto e comprensione, favorendo anche la loro formazione umana e cristiana.<\/p>\n<p><strong>\u00a0<\/strong><\/p>\n<\/p>\n<p><strong>LE OSPITI<\/strong><\/p>\n<p><strong>\u00abVoi \u2026 siete il terreno fertile in cammino con l\u2019umanit\u00e0, siete il rinnovamento della cultura nella societ\u00e0 e nella Chiesa.\u00a0 \u2026 Abbiate sempre gli occhi rivolti al futuro!\u00bb\u00a0<br \/><\/strong><em>(Papa Francesco)<\/em><\/p>\n<p>L\u2019universitario \u00e8 un cercatore per vocazione. Il cammino pu\u00f2 essere pi\u00f9 o meno tortuoso, ma lungo il percorso \u00e8 importante ricordare le quattro parole che papa Francesco ci consegna come via per realizzare nel mondo la civilt\u00e0 dell\u2019Amore:<\/p>\n<p>il\u00a0<strong>DIALOGO,<\/strong>\u00a0come argine ad ogni forma di violenza;<br \/>la geometria del\u00a0<strong>POLIEDRO<\/strong>, come all\u2019unit\u00e0 nella diversit\u00e0;<br \/>la\u00a0<strong>CONCRETEZZA<\/strong>\u00a0nelle piccole scelte di oggi e nelle grandi di domani;<br \/>e, non ultima, l\u2019<strong>INTEGRAZIONE<\/strong>, perch\u00e9 nessuno si senta escluso.<\/p>\n<p>I sacrifici di oggi, accompagnati dall\u2019amore e dalla passione che dedichi ogni giorno al tuo studio, sono un dono incommensurabile per tutta l\u2019umanit\u00e0.<\/p>\n<p>E, quando cerchi, quando studi, quando progetti la tua vita, quando temi che qualcosa non vada nel verso che vorresti, ricorda che\u00a0<\/p>\n<p><strong>il Signore ti cammina accanto<\/strong><\/p>\n<\/h2>\n<p><!--more--><br \/>\n<!-- {\"name\":\"Home\",\"type\":\"layout\",\"children\":[{\"type\":\"section\",\"props\":{\"style\":\"default\",\"width\":\"default\",\"vertical_align\":\"middle\",\"title_position\":\"top-left\",\"title_rotation\":\"left\",\"title_breakpoint\":\"xl\",\"image_position\":\"center-center\"},\"children\":[{\"type\":\"row\",\"children\":[{\"type\":\"column\",\"props\":{\"image_position\":\"center-center\",\"media_overlay_gradient\":\"\"},\"children\":[{\"type\":\"headline\",\"props\":{\"title_element\":\"h1\",\"margin\":\"large\",\"text_align\":\"center\",\"content\":\"Case di accoglienza per <br \\\/><span class=\\\"uk-text-bold\\\">studentesse <\\\/span>e <span class=\\\"uk-text-bold\\\">giovani lavoratrici<\\\/span>\",\"title_style\":\"heading-medium\"}},{\"type\":\"image\",\"props\":{\"margin\":\"default\",\"image_svg_color\":\"emphasis\",\"image\":\"wp-content\\\/uploads\\\/2021\\\/04\\\/logo.png\",\"text_align\":\"center\"}}]}]}]},{\"type\":\"section\",\"props\":{\"style\":\"muted\",\"width\":\"default\",\"vertical_align\":\"middle\",\"title_position\":\"top-left\",\"title_rotation\":\"left\",\"title_breakpoint\":\"xl\",\"image_position\":\"center-center\"},\"children\":[{\"type\":\"row\",\"props\":{\"layout\":\"1-2,1-2\"},\"children\":[{\"type\":\"column\",\"props\":{\"image_position\":\"center-center\",\"media_overlay_gradient\":\"\",\"width_medium\":\"1-2\"},\"children\":[{\"type\":\"image\",\"props\":{\"margin\":\"default\",\"image_svg_color\":\"emphasis\",\"image\":\"wp-content\\\/uploads\\\/2021\\\/01\\\/Logo_gioia_1.png\",\"image_height\":\"200\",\"text_align\":\"center\"}},{\"type\":\"headline\",\"props\":{\"title_element\":\"h1\",\"content\":\"Milano\",\"text_align\":\"center\",\"title_style\":\"h3\",\"title_color\":\"secondary\",\"margin_remove_top\":true}},{\"type\":\"slideshow\",\"props\":{\"show_title\":true,\"show_meta\":true,\"show_content\":true,\"show_link\":true,\"show_thumbnail\":true,\"slideshow_min_height\":300,\"slideshow_autoplay_pause\":true,\"nav\":\"dotnav\",\"nav_position\":\"bottom-center\",\"nav_position_margin\":\"medium\",\"nav_align\":\"center\",\"nav_breakpoint\":\"s\",\"thumbnav_width\":\"100\",\"thumbnav_height\":\"75\",\"thumbnav_svg_color\":\"emphasis\",\"slidenav\":\"default\",\"slidenav_margin\":\"medium\",\"slidenav_breakpoint\":\"s\",\"slidenav_outside_breakpoint\":\"xl\",\"overlay_position\":\"center-left\",\"overlay_animation\":\"parallax\",\"title_element\":\"h3\",\"meta_style\":\"meta\",\"meta_align\":\"below-title\",\"meta_element\":\"div\",\"link_text\":\"Read more\",\"link_style\":\"default\",\"margin\":\"default\"},\"children\":[{\"type\":\"slideshow_item\",\"props\":{\"image\":\"wp-content\\\/uploads\\\/2021\\\/03\\\/stanza.jpg\"}},{\"type\":\"slideshow_item\",\"props\":{\"image\":\"wp-content\\\/uploads\\\/2021\\\/03\\\/bagno_stanza.jpg\"}},{\"type\":\"slideshow_item\",\"props\":{\"image\":\"wp-content\\\/uploads\\\/2021\\\/03\\\/balcone.jpg\"}},{\"type\":\"slideshow_item\",\"props\":{\"image\":\"wp-content\\\/uploads\\\/2021\\\/03\\\/salotto.jpg\"}},{\"type\":\"slideshow_item\",\"props\":{\"image\":\"wp-content\\\/uploads\\\/2021\\\/03\\\/cucina.jpg\"}},{\"type\":\"slideshow_item\",\"props\":{\"image\":\"wp-content\\\/uploads\\\/2021\\\/03\\\/cucina_salone.jpg\"}}]},{\"type\":\"button\",\"props\":{\"grid_column_gap\":\"small\",\"grid_row_gap\":\"small\",\"margin\":\"default\",\"text_align\":\"center\",\"fullwidth\":true,\"button_size\":\"large\"},\"children\":[{\"type\":\"button_item\",\"props\":{\"button_style\":\"secondary\",\"icon_align\":\"left\",\"content\":\"Scopri di pi\\u00f9\",\"link\":\"index.php?page_id=83\",\"link_target\":\"blank\",\"icon\":\"forward\"}}]}]},{\"type\":\"column\",\"props\":{\"image_position\":\"center-center\",\"media_overlay_gradient\":\"\",\"width_medium\":\"1-2\"},\"children\":[{\"type\":\"image\",\"props\":{\"margin\":\"default\",\"image_svg_color\":\"emphasis\",\"image\":\"wp-content\\\/uploads\\\/2021\\\/01\\\/logo_etruschi_giusto_1.png\",\"image_height\":\"200\",\"text_align\":\"center\"}},{\"type\":\"headline\",\"props\":{\"title_element\":\"h1\",\"content\":\"Roma\",\"text_align\":\"center\",\"title_style\":\"h3\",\"title_color\":\"primary\",\"margin_remove_top\":true}},{\"type\":\"slideshow\",\"props\":{\"show_title\":true,\"show_meta\":true,\"show_content\":true,\"show_link\":true,\"show_thumbnail\":true,\"slideshow_min_height\":300,\"slideshow_autoplay_pause\":true,\"nav\":\"dotnav\",\"nav_position\":\"bottom-center\",\"nav_position_margin\":\"medium\",\"nav_align\":\"center\",\"nav_breakpoint\":\"s\",\"thumbnav_width\":\"100\",\"thumbnav_height\":\"75\",\"thumbnav_svg_color\":\"emphasis\",\"slidenav\":\"default\",\"slidenav_margin\":\"medium\",\"slidenav_breakpoint\":\"s\",\"slidenav_outside_breakpoint\":\"xl\",\"overlay_position\":\"center-left\",\"overlay_animation\":\"parallax\",\"title_element\":\"h3\",\"meta_style\":\"meta\",\"meta_align\":\"below-title\",\"meta_element\":\"div\",\"link_text\":\"Read more\",\"link_style\":\"default\",\"margin\":\"default\"},\"children\":[{\"type\":\"slideshow_item\",\"props\":{\"image\":\"wp-content\\\/uploads\\\/2021\\\/10\\\/WhatsApp-Image-2021-10-13-at-09.49.12-1.jpeg\"}},{\"type\":\"slideshow_item\",\"props\":{\"image\":\"wp-content\\\/uploads\\\/2021\\\/10\\\/WhatsApp-Image-2021-10-13-at-09.49.12.jpeg\"}},{\"type\":\"slideshow_item\",\"props\":{\"image\":\"wp-content\\\/uploads\\\/2021\\\/10\\\/WhatsApp-Image-2021-10-13-at-09.40.46-1.jpeg\"}},{\"type\":\"slideshow_item\",\"props\":{\"image\":\"wp-content\\\/uploads\\\/2021\\\/10\\\/WhatsApp-Image-2021-10-13-at-09.49.12-6.jpeg\"}},{\"type\":\"slideshow_item\",\"props\":{\"image\":\"wp-content\\\/uploads\\\/2021\\\/10\\\/WhatsApp-Image-2021-10-13-at-09.40.47-1.jpeg\"}},{\"type\":\"slideshow_item\",\"props\":{\"image\":\"wp-content\\\/uploads\\\/2021\\\/10\\\/WhatsApp-Image-2021-10-13-at-09.49.12-7.jpeg\"}},{\"type\":\"slideshow_item\",\"props\":{\"image\":\"wp-content\\\/uploads\\\/2021\\\/10\\\/WhatsApp-Image-2021-10-13-at-09.49.12-5.jpeg\"}},{\"type\":\"slideshow_item\",\"props\":{\"image\":\"wp-content\\\/uploads\\\/2021\\\/10\\\/WhatsApp-Image-2021-10-13-at-10.02.22.jpeg\"}},{\"type\":\"slideshow_item\",\"props\":{\"image\":\"wp-content\\\/uploads\\\/2021\\\/10\\\/WhatsApp-Image-2021-10-13-at-09.40.47.jpeg\"}},{\"type\":\"slideshow_item\",\"props\":{\"image\":\"wp-content\\\/uploads\\\/2021\\\/10\\\/WhatsApp-Image-2021-10-13-at-09.40.46.jpeg\"}},{\"type\":\"slideshow_item\",\"props\":{\"image\":\"wp-content\\\/uploads\\\/2021\\\/10\\\/WhatsApp-Image-2021-10-13-at-09.40.48.jpeg\"}}]},{\"type\":\"button\",\"props\":{\"grid_column_gap\":\"small\",\"grid_row_gap\":\"small\",\"margin\":\"default\",\"text_align\":\"center\",\"fullwidth\":true,\"button_size\":\"large\"},\"children\":[{\"type\":\"button_item\",\"props\":{\"button_style\":\"primary\",\"icon_align\":\"left\",\"content\":\"Scopri di pi\\u00f9\",\"link\":\"index.php?page_id=1375\",\"link_target\":\"blank\",\"icon\":\"forward\"}}]}]}]}]},{\"type\":\"section\",\"props\":{\"style\":\"muted\",\"width\":\"\",\"vertical_align\":\"middle\",\"title_position\":\"center-left\",\"title_rotation\":\"left\",\"title_breakpoint\":\"xl\",\"image_position\":\"center-center\",\"title\":\"\",\"padding_remove_bottom\":false,\"image\":\"\"},\"children\":[{\"type\":\"row\",\"props\":{\"width\":\"default\",\"margin\":\"small\",\"margin_remove_bottom\":false},\"children\":[{\"type\":\"column\",\"props\":{\"image_position\":\"center-center\",\"media_overlay_gradient\":\"\",\"width_medium\":\"1-1\"},\"children\":[{\"type\":\"headline\",\"props\":{\"title_element\":\"h2\",\"position\":\"relative\",\"position_z_index\":\"1\",\"maxwidth\":\"2xlarge\",\"block_align\":\"center\",\"text_align\":\"center\",\"content\":\"\n\n<p><strong>LE \\u201cDOMUS\\u201d MARIA CONSOLATRICE<\\\/strong><\\\/p>\\n\n\n<p><\\\/p>\\n\n\n<p>Sono Pensionati universitari voluti dalle Suore di Maria Consolatrice come risposta alle attese della Chiesa, nella sua particolare attenzione al mondo culturale e soprattutto nel settore giovanile.<\\\/p>\\n\n\n<p><strong>Ogni CASA \\u00ab\\u2026rappresenta la ricchezza umana pi\\u00f9 preziosa, quella dell\\u2019incontro, quella delle relazioni tra le persone, diverse per et\\u00e0, per cultura e storia, ma che vivono insieme e che insieme si aiutano a crescere\\u00bb <br \\\/><\\\/strong><em>(Papa Francesco)<\\\/em><\\\/p>\\n\n\n<p>Cos\\u00ec nelle Domus si offre alle giovani ospiti un ambiente accogliente in cui abbiano la possibilit\\u00e0 di seguire gli studi con serenit\\u00e0, in un clima di cordiale amicizia, di scambievole aiuto e comprensione, favorendo anche la loro formazione umana e cristiana.<\\\/p>\\n\n\n<p><strong>\\u00a0<\\\/strong><\\\/p>\\n\n\n<p><\\\/p>\\n\n\n<p><strong>LE OSPITI<\\\/strong><\\\/p>\\n\n\n<p><strong>\\u00abVoi \\u2026 siete il terreno fertile in cammino con l\\u2019umanit\\u00e0, siete il rinnovamento della cultura nella societ\\u00e0 e nella Chiesa.\\u00a0 \\u2026 Abbiate sempre gli occhi rivolti al futuro!\\u00bb\\u00a0<br \\\/><\\\/strong><em>(Papa Francesco)<\\\/em><\\\/p>\\n\n\n<p>L\\u2019universitario \\u00e8 un cercatore per vocazione. Il cammino pu\\u00f2 essere pi\\u00f9 o meno tortuoso, ma lungo il percorso \\u00e8 importante ricordare le quattro parole che papa Francesco ci consegna come via per realizzare nel mondo la civilt\\u00e0 dell\\u2019Amore:<\\\/p>\\n\n\n<p>il\\u00a0<strong>DIALOGO,<\\\/strong>\\u00a0come argine ad ogni forma di violenza;<br \\\/>la geometria del\\u00a0<strong>POLIEDRO<\\\/strong>, come all\\u2019unit\\u00e0 nella diversit\\u00e0;<br \\\/>la\\u00a0<strong>CONCRETEZZA<\\\/strong>\\u00a0nelle piccole scelte di oggi e nelle grandi di domani;<br \\\/>e, non ultima, l\\u2019<strong>INTEGRAZIONE<\\\/strong>, perch\\u00e9 nessuno si senta escluso.<\\\/p>\\n\n\n<p>I sacrifici di oggi, accompagnati dall\\u2019amore e dalla passione che dedichi ogni giorno al tuo studio, sono un dono incommensurabile per tutta l\\u2019umanit\\u00e0.<\\\/p>\\n\n\n<p>E, quando cerchi, quando studi, quando progetti la tua vita, quando temi che qualcosa non vada nel verso che vorresti, ricorda che\\u00a0<\\\/p>\\n\n\n<p><strong>il Signore ti cammina accanto<\\\/strong><\\\/p>\"}}]}]}],\"name\":\"descrizione\"}],\"version\":\"2.5.8\"} --><\/p>\n","protected":false},"excerpt":{"rendered":"<p>Case di accoglienza per studentesse e giovani lavoratrici Milano Scopri di pi\u00f9 Roma Scopri di pi\u00f9 LE \u201cDOMUS\u201d MARIA CONSOLATRICE Sono Pensionati universitari voluti dalle Suore di Maria Consolatrice come risposta alle attese della Chiesa, nella sua particolare attenzione al mondo culturale e soprattutto nel settore giovanile. Ogni CASA \u00ab\u2026rappresenta la ricchezza umana pi\u00f9 preziosa, [&hellip;]<\/p>\n","protected":false},"author":1,"featured_media":0,"parent":0,"menu_order":3,"comment_status":"open","ping_status":"open","template":"","meta":[],"_links":{"self":[{"href":"https:\/\/www.domusismc.it\/index.php?rest_route=\/wp\/v2\/pages\/1"}],"collection":[{"href":"https:\/\/www.domusismc.it\/index.php?rest_route=\/wp\/v2\/pages"}],"about":[{"href":"https:\/\/www.domusismc.it\/index.php?rest_route=\/wp\/v2\/types\/page"}],"author":[{"embeddable":true,"href":"https:\/\/www.domusismc.it\/index.php?rest_route=\/wp\/v2\/users\/1"}],"replies":[{"embeddable":true,"href":"https:\/\/www.domusismc.it\/index.php?rest_route=%2Fwp%2Fv2%2Fcomments&post=1"}],"version-history":[{"count":148,"href":"https:\/\/www.domusismc.it\/index.php?rest_route=\/wp\/v2\/pages\/1\/revisions"}],"predecessor-version":[{"id":2435,"href":"https:\/\/www.domusismc.it\/index.php?rest_route=\/wp\/v2\/pages\/1\/revisions\/2435"}],"wp:attachment":[{"href":"https:\/\/www.domusismc.it\/index.php?rest_route=%2Fwp%2Fv2%2Fmedia&parent=1"}],"curies":[{"name":"wp","href":"https:\/\/api.w.org\/{rel}","templated":true}]}}